{"id":909,"date":"2025-11-27T16:20:25","date_gmt":"2025-11-27T16:20:25","guid":{"rendered":"https:\/\/www.alaziziyahboutique.com\/?page_id=909"},"modified":"2025-11-27T16:23:52","modified_gmt":"2025-11-27T16:23:52","slug":"patio-cafe","status":"publish","type":"page","link":"https:\/\/www.alaziziyahboutique.com\/ar\/dining\/patio-cafe\/","title":{"rendered":"Patio Caf\u00e9"},"content":{"rendered":"\t\t<div data-elementor-type=\"wp-page\" data-elementor-id=\"909\" class=\"elementor elementor-909\" data-elementor-post-type=\"page\">\n\t\t\t\t<div class=\"elementor-element elementor-element-fbcd7ad e-flex e-con-boxed e-con e-parent\" data-id=\"fbcd7ad\" data-element_type=\"container\" data-e-type=\"container\">\n\t\t\t\t\t<div class=\"e-con-inner\">\n\t\t\t\t<div class=\"elementor-element elementor-element-a386563 elementor-icon-list--layout-inline elementor-list-item-link-full_width elementor-widget elementor-widget-icon-list\" data-id=\"a386563\" data-element_type=\"widget\" data-e-type=\"widget\" data-widget_type=\"icon-list.default\">\n\t\t\t\t\t\t\t<ul class=\"elementor-icon-list-items elementor-inline-items\">\n\t\t\t\t\t\t\t<li class=\"elementor-icon-list-item elementor-inline-item\">\n\t\t\t\t\t\t\t\t\t\t\t<a href=\"https:\/\/www.alaziziyahboutique.com\/\">\n\n\t\t\t\t\t\t\t\t\t\t\t<span class=\"elementor-icon-list-text\">Home<\/span>\n\t\t\t\t\t\t\t\t\t\t\t<\/a>\n\t\t\t\t\t\t\t\t\t<\/li>\n\t\t\t\t\t\t\t\t<li class=\"elementor-icon-list-item elementor-inline-item\">\n\t\t\t\t\t\t\t\t\t\t\t<a href=\"https:\/\/www.alaziziyahboutique.com\/dining\/\">\n\n\t\t\t\t\t\t\t\t\t\t\t\t<span class=\"elementor-icon-list-icon\">\n\t\t\t\t\t\t\t<svg aria-hidden=\"true\" class=\"e-font-icon-svg e-fas-greater-than\" viewBox=\"0 0 384 512\" xmlns=\"http:\/\/www.w3.org\/2000\/svg\"><path d=\"M365.52 209.85L59.22 67.01c-16.06-7.49-35.15-.54-42.64 15.52L3.01 111.61c-7.49 16.06-.54 35.15 15.52 42.64L236.96 256.1 18.49 357.99C2.47 365.46-4.46 384.5 3.01 400.52l13.52 29C24 445.54 43.04 452.47 59.06 445l306.47-142.91a32.003 32.003 0 0 0 18.48-29v-34.23c-.01-12.45-7.21-23.76-18.49-29.01z\"><\/path><\/svg>\t\t\t\t\t\t<\/span>\n\t\t\t\t\t\t\t\t\t\t<span class=\"elementor-icon-list-text\">Dining<\/span>\n\t\t\t\t\t\t\t\t\t\t\t<\/a>\n\t\t\t\t\t\t\t\t\t<\/li>\n\t\t\t\t\t\t\t\t<li class=\"elementor-icon-list-item elementor-inline-item\">\n\t\t\t\t\t\t\t\t\t\t\t<a href=\"#0\">\n\n\t\t\t\t\t\t\t\t\t\t\t\t<span class=\"elementor-icon-list-icon\">\n\t\t\t\t\t\t\t<svg aria-hidden=\"true\" class=\"e-font-icon-svg e-fas-greater-than\" viewBox=\"0 0 384 512\" xmlns=\"http:\/\/www.w3.org\/2000\/svg\"><path d=\"M365.52 209.85L59.22 67.01c-16.06-7.49-35.15-.54-42.64 15.52L3.01 111.61c-7.49 16.06-.54 35.15 15.52 42.64L236.96 256.1 18.49 357.99C2.47 365.46-4.46 384.5 3.01 400.52l13.52 29C24 445.54 43.04 452.47 59.06 445l306.47-142.91a32.003 32.003 0 0 0 18.48-29v-34.23c-.01-12.45-7.21-23.76-18.49-29.01z\"><\/path><\/svg>\t\t\t\t\t\t<\/span>\n\t\t\t\t\t\t\t\t\t\t<span class=\"elementor-icon-list-text\">Patio Caf\u00e9<\/span>\n\t\t\t\t\t\t\t\t\t\t\t<\/a>\n\t\t\t\t\t\t\t\t\t<\/li>\n\t\t\t\t\t\t<\/ul>\n\t\t\t\t\t\t<\/div>\n\t\t\t\t\t<\/div>\n\t\t\t\t<\/div>\n\t\t<div class=\"elementor-element elementor-element-6594b90 e-flex e-con-boxed e-con e-parent\" data-id=\"6594b90\" data-element_type=\"container\" data-e-type=\"container\">\n\t\t\t\t\t<div class=\"e-con-inner\">\n\t\t\t\t<div class=\"elementor-element elementor-element-515bfe7 elementor-widget elementor-widget-heading\" data-id=\"515bfe7\" data-element_type=\"widget\" data-e-type=\"widget\" data-widget_type=\"heading.default\">\n\t\t\t\t\t<h2 class=\"elementor-heading-title elementor-size-default\">Patio Caf\u00e9\n<\/h2>\t\t\t\t<\/div>\n\t\t\t\t\t<\/div>\n\t\t\t\t<\/div>\n\t\t<div class=\"elementor-element elementor-element-f248ebe e-flex e-con-boxed e-con e-parent\" data-id=\"f248ebe\" data-element_type=\"container\" data-e-type=\"container\">\n\t\t\t\t\t<div class=\"e-con-inner\">\n\t\t<div class=\"elementor-element elementor-element-545d15e e-grid e-con-full e-con e-child\" data-id=\"545d15e\" data-element_type=\"container\" data-e-type=\"container\">\n\t\t\t\t<div class=\"elementor-element elementor-element-d38870e elementor-arrows-position-inside elementor-widget elementor-widget-n-carousel\" data-id=\"d38870e\" data-element_type=\"widget\" data-e-type=\"widget\" data-settings=\"{&quot;carousel_items&quot;:[{&quot;slide_title&quot;:&quot;Slide #1&quot;,&quot;_id&quot;:&quot;adebe5e&quot;},{&quot;slide_title&quot;:&quot;Slide #1&quot;,&quot;_id&quot;:&quot;f87b214&quot;},{&quot;slide_title&quot;:&quot;Slide #1&quot;,&quot;_id&quot;:&quot;a494026&quot;}],&quot;slides_to_show&quot;:&quot;1&quot;,&quot;slides_to_scroll&quot;:&quot;1&quot;,&quot;slides_to_show_tablet&quot;:&quot;2&quot;,&quot;slides_to_show_mobile&quot;:&quot;1&quot;,&quot;autoplay&quot;:&quot;yes&quot;,&quot;autoplay_speed&quot;:5000,&quot;pause_on_hover&quot;:&quot;yes&quot;,&quot;pause_on_interaction&quot;:&quot;yes&quot;,&quot;infinite&quot;:&quot;yes&quot;,&quot;speed&quot;:500,&quot;offset_sides&quot;:&quot;none&quot;,&quot;arrows&quot;:&quot;yes&quot;,&quot;image_spacing_custom&quot;:{&quot;unit&quot;:&quot;px&quot;,&quot;size&quot;:10,&quot;sizes&quot;:[]},&quot;image_spacing_custom_tablet&quot;:{&quot;unit&quot;:&quot;px&quot;,&quot;size&quot;:&quot;&quot;,&quot;sizes&quot;:[]},&quot;image_spacing_custom_mobile&quot;:{&quot;unit&quot;:&quot;px&quot;,&quot;size&quot;:&quot;&quot;,&quot;sizes&quot;:[]}}\" data-widget_type=\"nested-carousel.default\">\n\t\t\t\t\t\t\t<div class=\"e-n-carousel swiper\" role=\"region\" aria-roledescription=\"carousel\" aria-label=\"Carousel\" dir=\"ltr\">\n\t\t\t<div class=\"swiper-wrapper\" aria-live=\"off\">\n\t\t\t\t\t\t\t\t\t\t<div class=\"swiper-slide\" data-slide=\"1\" role=\"group\" aria-roledescription=\"slide\" aria-label=\"1 of 3\">\n\t\t\t\t\t\t\t<div class=\"elementor-element elementor-element-db31b6b e-flex e-con-boxed e-con e-child\" data-id=\"db31b6b\" data-element_type=\"container\" data-e-type=\"container\">\n\t\t\t\t\t<div class=\"e-con-inner\">\n\t\t<div class=\"elementor-element elementor-element-aef2f74 e-con-full e-flex e-con e-child\" data-id=\"aef2f74\" data-element_type=\"container\" data-e-type=\"container\">\n\t\t\t\t<div class=\"elementor-element elementor-element-fa724f1 elementor-widget elementor-widget-image\" data-id=\"fa724f1\" data-element_type=\"widget\" data-e-type=\"widget\" data-widget_type=\"image.default\">\n\t\t\t\t\t\t\t\t\t\t\t\t\t\t\t<img fetchpriority=\"high\" decoding=\"async\" width=\"1024\" height=\"768\" src=\"https:\/\/www.alaziziyahboutique.com\/wp-content\/uploads\/2025\/11\/patio-cafe_standard-3-1024x768.jpg\" class=\"attachment-large size-large wp-image-911\" alt=\"Al Aziziyah Boutique Hotel\" srcset=\"https:\/\/www.alaziziyahboutique.com\/wp-content\/uploads\/2025\/11\/patio-cafe_standard-3-1024x768.jpg 1024w, https:\/\/www.alaziziyahboutique.com\/wp-content\/uploads\/2025\/11\/patio-cafe_standard-3-300x225.jpg 300w, https:\/\/www.alaziziyahboutique.com\/wp-content\/uploads\/2025\/11\/patio-cafe_standard-3-768x576.jpg 768w, https:\/\/www.alaziziyahboutique.com\/wp-content\/uploads\/2025\/11\/patio-cafe_standard-3.jpg 1140w\" sizes=\"(max-width: 1024px) 100vw, 1024px\" \/>\t\t\t\t\t\t\t\t\t\t\t\t\t\t\t<\/div>\n\t\t\t\t<\/div>\n\t\t\t\t\t<\/div>\n\t\t\t\t<\/div>\n\t\t\t\t\t\t\t\t<\/div>\n\t\t\t\t\t\t\t\t\t\t\t<div class=\"swiper-slide\" data-slide=\"2\" role=\"group\" aria-roledescription=\"slide\" aria-label=\"2 of 3\">\n\t\t\t\t\t\t\t<div class=\"elementor-element elementor-element-bdec51d e-flex e-con-boxed e-con e-child\" data-id=\"bdec51d\" data-element_type=\"container\" data-e-type=\"container\">\n\t\t\t\t\t<div class=\"e-con-inner\">\n\t\t<div class=\"elementor-element elementor-element-98730bb e-con-full e-flex e-con e-child\" data-id=\"98730bb\" data-element_type=\"container\" data-e-type=\"container\">\n\t\t\t\t<div class=\"elementor-element elementor-element-fdac3db elementor-widget elementor-widget-image\" data-id=\"fdac3db\" data-element_type=\"widget\" data-e-type=\"widget\" data-widget_type=\"image.default\">\n\t\t\t\t\t\t\t\t\t\t\t\t\t\t\t<img decoding=\"async\" width=\"1024\" height=\"768\" src=\"https:\/\/www.alaziziyahboutique.com\/wp-content\/uploads\/2025\/11\/patio-cafe_standar-2-1024x768.jpg\" class=\"attachment-large size-large wp-image-912\" alt=\"Al Aziziyah Boutique Hotel\" srcset=\"https:\/\/www.alaziziyahboutique.com\/wp-content\/uploads\/2025\/11\/patio-cafe_standar-2-1024x768.jpg 1024w, https:\/\/www.alaziziyahboutique.com\/wp-content\/uploads\/2025\/11\/patio-cafe_standar-2-300x225.jpg 300w, https:\/\/www.alaziziyahboutique.com\/wp-content\/uploads\/2025\/11\/patio-cafe_standar-2-768x576.jpg 768w, https:\/\/www.alaziziyahboutique.com\/wp-content\/uploads\/2025\/11\/patio-cafe_standar-2.jpg 1140w\" sizes=\"(max-width: 1024px) 100vw, 1024px\" \/>\t\t\t\t\t\t\t\t\t\t\t\t\t\t\t<\/div>\n\t\t\t\t<\/div>\n\t\t\t\t\t<\/div>\n\t\t\t\t<\/div>\n\t\t\t\t\t\t\t\t<\/div>\n\t\t\t\t\t\t\t\t\t\t\t<div class=\"swiper-slide\" data-slide=\"3\" role=\"group\" aria-roledescription=\"slide\" aria-label=\"3 of 3\">\n\t\t\t\t\t\t\t<div class=\"elementor-element elementor-element-e8a3b71 e-flex e-con-boxed e-con e-child\" data-id=\"e8a3b71\" data-element_type=\"container\" data-e-type=\"container\">\n\t\t\t\t\t<div class=\"e-con-inner\">\n\t\t<div class=\"elementor-element elementor-element-f94e75d e-con-full e-flex e-con e-child\" data-id=\"f94e75d\" data-element_type=\"container\" data-e-type=\"container\">\n\t\t\t\t<div class=\"elementor-element elementor-element-15ad400 elementor-widget elementor-widget-image\" data-id=\"15ad400\" data-element_type=\"widget\" data-e-type=\"widget\" data-widget_type=\"image.default\">\n\t\t\t\t\t\t\t\t\t\t\t\t\t\t\t<img decoding=\"async\" width=\"1024\" height=\"768\" src=\"https:\/\/www.alaziziyahboutique.com\/wp-content\/uploads\/2025\/11\/patio-cafe_standar-1-1024x768.jpg\" class=\"attachment-large size-large wp-image-913\" alt=\"Al Aziziyah Boutique Hotel\" srcset=\"https:\/\/www.alaziziyahboutique.com\/wp-content\/uploads\/2025\/11\/patio-cafe_standar-1-1024x768.jpg 1024w, https:\/\/www.alaziziyahboutique.com\/wp-content\/uploads\/2025\/11\/patio-cafe_standar-1-300x225.jpg 300w, https:\/\/www.alaziziyahboutique.com\/wp-content\/uploads\/2025\/11\/patio-cafe_standar-1-768x576.jpg 768w, https:\/\/www.alaziziyahboutique.com\/wp-content\/uploads\/2025\/11\/patio-cafe_standar-1.jpg 1140w\" sizes=\"(max-width: 1024px) 100vw, 1024px\" \/>\t\t\t\t\t\t\t\t\t\t\t\t\t\t\t<\/div>\n\t\t\t\t<\/div>\n\t\t\t\t\t<\/div>\n\t\t\t\t<\/div>\n\t\t\t\t\t\t\t\t<\/div>\n\t\t\t\t\t\t\t\t<\/div>\n\t\t<\/div>\n\t\t\t\t\t<div class=\"elementor-swiper-button elementor-swiper-button-prev\" role=\"button\" tabindex=\"0\" aria-label=\"Previous\">\n\t\t\t\t<svg aria-hidden=\"true\" class=\"e-font-icon-svg e-eicon-chevron-left\" viewBox=\"0 0 1000 1000\" xmlns=\"http:\/\/www.w3.org\/2000\/svg\"><path d=\"M646 125C629 125 613 133 604 142L308 442C296 454 292 471 292 487 292 504 296 521 308 533L604 854C617 867 629 875 646 875 663 875 679 871 692 858 704 846 713 829 713 812 713 796 708 779 692 767L438 487 692 225C700 217 708 204 708 187 708 171 704 154 692 142 675 129 663 125 646 125Z\"><\/path><\/svg>\t\t\t<\/div>\n\t\t\t<div class=\"elementor-swiper-button elementor-swiper-button-next\" role=\"button\" tabindex=\"0\" aria-label=\"Next\">\n\t\t\t\t<svg aria-hidden=\"true\" class=\"e-font-icon-svg e-eicon-chevron-right\" viewBox=\"0 0 1000 1000\" xmlns=\"http:\/\/www.w3.org\/2000\/svg\"><path d=\"M696 533C708 521 713 504 713 487 713 471 708 454 696 446L400 146C388 133 375 125 354 125 338 125 325 129 313 142 300 154 292 171 292 187 292 204 296 221 308 233L563 492 304 771C292 783 288 800 288 817 288 833 296 850 308 863 321 871 338 875 354 875 371 875 388 867 400 854L696 533Z\"><\/path><\/svg>\t\t\t<\/div>\n\t\t\t\t\t\t<\/div>\n\t\t<div class=\"elementor-element elementor-element-41dc3d5 e-con-full e-flex e-con e-child\" data-id=\"41dc3d5\" data-element_type=\"container\" data-e-type=\"container\">\n\t\t\t\t<div class=\"elementor-element elementor-element-06d1baa elementor-widget elementor-widget-text-editor\" data-id=\"06d1baa\" data-element_type=\"widget\" data-e-type=\"widget\" data-widget_type=\"text-editor.default\">\n\t\t\t\t\t\t\t\t\t<p>Enjoy a garden setting at Patio caf\u00e9, nestled amid blooming pergolas. Perfect for casual gatherings with family and friends, Patio Caf\u00e9 offers waffle and crepe, shawarma a saj station, High Tea and light snacks.<br \/><br \/><strong>Available for Private Events<\/strong><\/p><p><strong>(Seasonal Opening Times apply)<\/strong><\/p>\t\t\t\t\t\t\t\t<\/div>\n\t\t\t\t<\/div>\n\t\t\t\t<\/div>\n\t\t\t\t\t<\/div>\n\t\t\t\t<\/div>\n\t\t\t\t<\/div>\n\t\t","protected":false},"excerpt":{"rendered":"<p>Home Dining Patio Caf\u00e9 Patio Caf\u00e9 Enjoy a garden setting at Patio caf\u00e9, nestled amid blooming pergolas. Perfect for casual [&hellip;]<\/p>\n","protected":false},"author":1,"featured_media":0,"parent":259,"menu_order":0,"comment_status":"closed","ping_status":"closed","template":"","meta":{"site-sidebar-layout":"no-sidebar","site-content-layout":"","ast-site-content-layout":"full-width-container","site-content-style":"default","site-sidebar-style":"default","ast-global-header-display":"","ast-banner-title-visibility":"","ast-main-header-display":"","ast-hfb-above-header-display":"","ast-hfb-below-header-display":"","ast-hfb-mobile-header-display":"","site-post-title":"disabled","ast-breadcrumbs-content":"","ast-featured-img":"disabled","footer-sml-layout":"","ast-disable-related-posts":"","theme-transparent-header-meta":"default","adv-header-id-meta":"","stick-header-meta":"","header-above-stick-meta":"","header-main-stick-meta":"","header-below-stick-meta":"","astra-migrate-meta-layouts":"set","ast-page-background-enabled":"default","ast-page-background-meta":{"desktop":{"background-color":"var(--ast-global-color-5)","background-image":"","background-repeat":"repeat","background-position":"center center","background-size":"auto","background-attachment":"scroll","background-type":"","background-media":"","overlay-type":"","overlay-color":"","overlay-opacity":"","overlay-gradient":""},"tablet":{"background-color":"","background-image":"","background-repeat":"repeat","background-position":"center center","background-size":"auto","background-attachment":"scroll","background-type":"","background-media":"","overlay-type":"","overlay-color":"","overlay-opacity":"","overlay-gradient":""},"mobile":{"background-color":"","background-image":"","background-repeat":"repeat","background-position":"center center","background-size":"auto","background-attachment":"scroll","background-type":"","background-media":"","overlay-type":"","overlay-color":"","overlay-opacity":"","overlay-gradient":""}},"ast-content-background-meta":{"desktop":{"background-color":"var(--ast-global-color-4)","background-image":"","background-repeat":"repeat","background-position":"center center","background-size":"auto","background-attachment":"scroll","background-type":"","background-media":"","overlay-type":"","overlay-color":"","overlay-opacity":"","overlay-gradient":""},"tablet":{"background-color":"var(--ast-global-color-4)","background-image":"","background-repeat":"repeat","background-position":"center center","background-size":"auto","background-attachment":"scroll","background-type":"","background-media":"","overlay-type":"","overlay-color":"","overlay-opacity":"","overlay-gradient":""},"mobile":{"background-color":"var(--ast-global-color-4)","background-image":"","background-repeat":"repeat","background-position":"center center","background-size":"auto","background-attachment":"scroll","background-type":"","background-media":"","overlay-type":"","overlay-color":"","overlay-opacity":"","overlay-gradient":""}},"footnotes":""},"class_list":["post-909","page","type-page","status-publish","hentry"],"yoast_head":"<!-- This site is optimized with the Yoast SEO plugin v27.5 - https:\/\/yoast.com\/product\/yoast-seo-wordpress\/ -->\n<title>Patio Caf\u00e9 - Al Aziziyah Boutique Hotel<\/title>\n<meta name=\"robots\" content=\"index, follow, max-snippet:-1, max-image-preview:large, max-video-preview:-1\" \/>\n<link rel=\"canonical\" href=\"https:\/\/www.alaziziyahboutique.com\/ar\/dining\/patio-cafe\/\" \/>\n<meta property=\"og:locale\" content=\"ar_AR\" \/>\n<meta property=\"og:type\" content=\"article\" \/>\n<meta property=\"og:title\" content=\"Patio Caf\u00e9 - Al Aziziyah Boutique Hotel\" \/>\n<meta property=\"og:description\" content=\"Home Dining Patio Caf\u00e9 Patio Caf\u00e9 Enjoy a garden setting at Patio caf\u00e9, nestled amid blooming pergolas. Perfect for casual [&hellip;]\" \/>\n<meta property=\"og:url\" content=\"https:\/\/www.alaziziyahboutique.com\/ar\/dining\/patio-cafe\/\" \/>\n<meta property=\"og:site_name\" content=\"Al Aziziyah Boutique Hotel\" \/>\n<meta property=\"article:publisher\" content=\"https:\/\/www.facebook.com\/AlAziziyahBoutiqueHotelDoha\/\" \/>\n<meta property=\"article:modified_time\" content=\"2025-11-27T16:23:52+00:00\" \/>\n<meta property=\"og:image\" content=\"https:\/\/www.alaziziyahboutique.com\/wp-content\/uploads\/2025\/11\/patio-cafe_standard-3.jpg\" \/>\n\t<meta property=\"og:image:width\" content=\"1140\" \/>\n\t<meta property=\"og:image:height\" content=\"855\" \/>\n\t<meta property=\"og:image:type\" content=\"image\/jpeg\" \/>\n<meta name=\"twitter:card\" content=\"summary_large_image\" \/>\n<meta name=\"twitter:site\" content=\"@AlAziziyahHotel\" \/>\n<script type=\"application\/ld+json\" class=\"yoast-schema-graph\">{\"@context\":\"https:\\\/\\\/schema.org\",\"@graph\":[{\"@type\":\"WebPage\",\"@id\":\"https:\\\/\\\/www.alaziziyahboutique.com\\\/dining\\\/patio-cafe\\\/\",\"url\":\"https:\\\/\\\/www.alaziziyahboutique.com\\\/dining\\\/patio-cafe\\\/\",\"name\":\"Patio Caf\u00e9 - Al Aziziyah Boutique Hotel\",\"isPartOf\":{\"@id\":\"https:\\\/\\\/www.alaziziyahboutique.com\\\/#website\"},\"primaryImageOfPage\":{\"@id\":\"https:\\\/\\\/www.alaziziyahboutique.com\\\/dining\\\/patio-cafe\\\/#primaryimage\"},\"image\":{\"@id\":\"https:\\\/\\\/www.alaziziyahboutique.com\\\/dining\\\/patio-cafe\\\/#primaryimage\"},\"thumbnailUrl\":\"https:\\\/\\\/www.alaziziyahboutique.com\\\/wp-content\\\/uploads\\\/2025\\\/11\\\/patio-cafe_standard-3-1024x768.jpg\",\"datePublished\":\"2025-11-27T16:20:25+00:00\",\"dateModified\":\"2025-11-27T16:23:52+00:00\",\"breadcrumb\":{\"@id\":\"https:\\\/\\\/www.alaziziyahboutique.com\\\/dining\\\/patio-cafe\\\/#breadcrumb\"},\"inLanguage\":\"ar\",\"potentialAction\":[{\"@type\":\"ReadAction\",\"target\":[\"https:\\\/\\\/www.alaziziyahboutique.com\\\/dining\\\/patio-cafe\\\/\"]}]},{\"@type\":\"ImageObject\",\"inLanguage\":\"ar\",\"@id\":\"https:\\\/\\\/www.alaziziyahboutique.com\\\/dining\\\/patio-cafe\\\/#primaryimage\",\"url\":\"https:\\\/\\\/www.alaziziyahboutique.com\\\/wp-content\\\/uploads\\\/2025\\\/11\\\/patio-cafe_standard-3-1024x768.jpg\",\"contentUrl\":\"https:\\\/\\\/www.alaziziyahboutique.com\\\/wp-content\\\/uploads\\\/2025\\\/11\\\/patio-cafe_standard-3-1024x768.jpg\"},{\"@type\":\"BreadcrumbList\",\"@id\":\"https:\\\/\\\/www.alaziziyahboutique.com\\\/dining\\\/patio-cafe\\\/#breadcrumb\",\"itemListElement\":[{\"@type\":\"ListItem\",\"position\":1,\"name\":\"Home\",\"item\":\"https:\\\/\\\/www.alaziziyahboutique.com\\\/\"},{\"@type\":\"ListItem\",\"position\":2,\"name\":\"dining\",\"item\":\"https:\\\/\\\/www.alaziziyahboutique.com\\\/dining\\\/\"},{\"@type\":\"ListItem\",\"position\":3,\"name\":\"Patio Caf\u00e9\"}]},{\"@type\":\"WebSite\",\"@id\":\"https:\\\/\\\/www.alaziziyahboutique.com\\\/#website\",\"url\":\"https:\\\/\\\/www.alaziziyahboutique.com\\\/\",\"name\":\"Al Aziziyah Boutique Hotel\",\"description\":\"\",\"publisher\":{\"@id\":\"https:\\\/\\\/www.alaziziyahboutique.com\\\/#organization\"},\"potentialAction\":[{\"@type\":\"SearchAction\",\"target\":{\"@type\":\"EntryPoint\",\"urlTemplate\":\"https:\\\/\\\/www.alaziziyahboutique.com\\\/?s={search_term_string}\"},\"query-input\":{\"@type\":\"PropertyValueSpecification\",\"valueRequired\":true,\"valueName\":\"search_term_string\"}}],\"inLanguage\":\"ar\"},{\"@type\":\"Organization\",\"@id\":\"https:\\\/\\\/www.alaziziyahboutique.com\\\/#organization\",\"name\":\"Al Aziziyah Boutique Hotel\",\"url\":\"https:\\\/\\\/www.alaziziyahboutique.com\\\/\",\"logo\":{\"@type\":\"ImageObject\",\"inLanguage\":\"ar\",\"@id\":\"https:\\\/\\\/www.alaziziyahboutique.com\\\/#\\\/schema\\\/logo\\\/image\\\/\",\"url\":\"https:\\\/\\\/www.alaziziyahboutique.com\\\/wp-content\\\/uploads\\\/2025\\\/11\\\/al-aziziyah-boustiue-hotel-logo.webp\",\"contentUrl\":\"https:\\\/\\\/www.alaziziyahboutique.com\\\/wp-content\\\/uploads\\\/2025\\\/11\\\/al-aziziyah-boustiue-hotel-logo.webp\",\"width\":500,\"height\":188,\"caption\":\"Al Aziziyah Boutique Hotel\"},\"image\":{\"@id\":\"https:\\\/\\\/www.alaziziyahboutique.com\\\/#\\\/schema\\\/logo\\\/image\\\/\"},\"sameAs\":[\"https:\\\/\\\/www.facebook.com\\\/AlAziziyahBoutiqueHotelDoha\\\/\",\"https:\\\/\\\/x.com\\\/AlAziziyahHotel\"]}]}<\/script>\n<!-- \/ Yoast SEO plugin. -->","yoast_head_json":{"title":"Patio Caf\u00e9 - Al Aziziyah Boutique Hotel","robots":{"index":"index","follow":"follow","max-snippet":"max-snippet:-1","max-image-preview":"max-image-preview:large","max-video-preview":"max-video-preview:-1"},"canonical":"https:\/\/www.alaziziyahboutique.com\/ar\/dining\/patio-cafe\/","og_locale":"ar_AR","og_type":"article","og_title":"Patio Caf\u00e9 - Al Aziziyah Boutique Hotel","og_description":"Home Dining Patio Caf\u00e9 Patio Caf\u00e9 Enjoy a garden setting at Patio caf\u00e9, nestled amid blooming pergolas. Perfect for casual [&hellip;]","og_url":"https:\/\/www.alaziziyahboutique.com\/ar\/dining\/patio-cafe\/","og_site_name":"Al Aziziyah Boutique Hotel","article_publisher":"https:\/\/www.facebook.com\/AlAziziyahBoutiqueHotelDoha\/","article_modified_time":"2025-11-27T16:23:52+00:00","og_image":[{"width":1140,"height":855,"url":"https:\/\/www.alaziziyahboutique.com\/wp-content\/uploads\/2025\/11\/patio-cafe_standard-3.jpg","type":"image\/jpeg"}],"twitter_card":"summary_large_image","twitter_site":"@AlAziziyahHotel","schema":{"@context":"https:\/\/schema.org","@graph":[{"@type":"WebPage","@id":"https:\/\/www.alaziziyahboutique.com\/dining\/patio-cafe\/","url":"https:\/\/www.alaziziyahboutique.com\/dining\/patio-cafe\/","name":"Patio Caf\u00e9 - Al Aziziyah Boutique Hotel","isPartOf":{"@id":"https:\/\/www.alaziziyahboutique.com\/#website"},"primaryImageOfPage":{"@id":"https:\/\/www.alaziziyahboutique.com\/dining\/patio-cafe\/#primaryimage"},"image":{"@id":"https:\/\/www.alaziziyahboutique.com\/dining\/patio-cafe\/#primaryimage"},"thumbnailUrl":"https:\/\/www.alaziziyahboutique.com\/wp-content\/uploads\/2025\/11\/patio-cafe_standard-3-1024x768.jpg","datePublished":"2025-11-27T16:20:25+00:00","dateModified":"2025-11-27T16:23:52+00:00","breadcrumb":{"@id":"https:\/\/www.alaziziyahboutique.com\/dining\/patio-cafe\/#breadcrumb"},"inLanguage":"ar","potentialAction":[{"@type":"ReadAction","target":["https:\/\/www.alaziziyahboutique.com\/dining\/patio-cafe\/"]}]},{"@type":"ImageObject","inLanguage":"ar","@id":"https:\/\/www.alaziziyahboutique.com\/dining\/patio-cafe\/#primaryimage","url":"https:\/\/www.alaziziyahboutique.com\/wp-content\/uploads\/2025\/11\/patio-cafe_standard-3-1024x768.jpg","contentUrl":"https:\/\/www.alaziziyahboutique.com\/wp-content\/uploads\/2025\/11\/patio-cafe_standard-3-1024x768.jpg"},{"@type":"BreadcrumbList","@id":"https:\/\/www.alaziziyahboutique.com\/dining\/patio-cafe\/#breadcrumb","itemListElement":[{"@type":"ListItem","position":1,"name":"Home","item":"https:\/\/www.alaziziyahboutique.com\/"},{"@type":"ListItem","position":2,"name":"dining","item":"https:\/\/www.alaziziyahboutique.com\/dining\/"},{"@type":"ListItem","position":3,"name":"Patio Caf\u00e9"}]},{"@type":"WebSite","@id":"https:\/\/www.alaziziyahboutique.com\/#website","url":"https:\/\/www.alaziziyahboutique.com\/","name":"Al Aziziyah Boutique Hotel","description":"","publisher":{"@id":"https:\/\/www.alaziziyahboutique.com\/#organization"},"potentialAction":[{"@type":"SearchAction","target":{"@type":"EntryPoint","urlTemplate":"https:\/\/www.alaziziyahboutique.com\/?s={search_term_string}"},"query-input":{"@type":"PropertyValueSpecification","valueRequired":true,"valueName":"search_term_string"}}],"inLanguage":"ar"},{"@type":"Organization","@id":"https:\/\/www.alaziziyahboutique.com\/#organization","name":"Al Aziziyah Boutique Hotel","url":"https:\/\/www.alaziziyahboutique.com\/","logo":{"@type":"ImageObject","inLanguage":"ar","@id":"https:\/\/www.alaziziyahboutique.com\/#\/schema\/logo\/image\/","url":"https:\/\/www.alaziziyahboutique.com\/wp-content\/uploads\/2025\/11\/al-aziziyah-boustiue-hotel-logo.webp","contentUrl":"https:\/\/www.alaziziyahboutique.com\/wp-content\/uploads\/2025\/11\/al-aziziyah-boustiue-hotel-logo.webp","width":500,"height":188,"caption":"Al Aziziyah Boutique Hotel"},"image":{"@id":"https:\/\/www.alaziziyahboutique.com\/#\/schema\/logo\/image\/"},"sameAs":["https:\/\/www.facebook.com\/AlAziziyahBoutiqueHotelDoha\/","https:\/\/x.com\/AlAziziyahHotel"]}]}},"_links":{"self":[{"href":"https:\/\/www.alaziziyahboutique.com\/ar\/wp-json\/wp\/v2\/pages\/909","targetHints":{"allow":["GET"]}}],"collection":[{"href":"https:\/\/www.alaziziyahboutique.com\/ar\/wp-json\/wp\/v2\/pages"}],"about":[{"href":"https:\/\/www.alaziziyahboutique.com\/ar\/wp-json\/wp\/v2\/types\/page"}],"author":[{"embeddable":true,"href":"https:\/\/www.alaziziyahboutique.com\/ar\/wp-json\/wp\/v2\/users\/1"}],"replies":[{"embeddable":true,"href":"https:\/\/www.alaziziyahboutique.com\/ar\/wp-json\/wp\/v2\/comments?post=909"}],"version-history":[{"count":10,"href":"https:\/\/www.alaziziyahboutique.com\/ar\/wp-json\/wp\/v2\/pages\/909\/revisions"}],"predecessor-version":[{"id":922,"href":"https:\/\/www.alaziziyahboutique.com\/ar\/wp-json\/wp\/v2\/pages\/909\/revisions\/922"}],"up":[{"embeddable":true,"href":"https:\/\/www.alaziziyahboutique.com\/ar\/wp-json\/wp\/v2\/pages\/259"}],"wp:attachment":[{"href":"https:\/\/www.alaziziyahboutique.com\/ar\/wp-json\/wp\/v2\/media?parent=909"}],"curies":[{"name":"wp","href":"https:\/\/api.w.org\/{rel}","templated":true}]}}